{"id":542,"date":"2026-03-21T14:02:27","date_gmt":"2026-03-21T14:02:27","guid":{"rendered":"https:\/\/nadinestanhome.fr\/?page_id=542"},"modified":"2026-03-21T16:24:36","modified_gmt":"2026-03-21T16:24:36","slug":"mots-meles-nadine-stanhome","status":"publish","type":"page","link":"https:\/\/nadinestanhome.fr\/index.php\/mots-meles-nadine-stanhome\/","title":{"rendered":"Jeu de mots m\u00e9l\u00e9s"},"content":{"rendered":"\n<h2 class=\"wp-block-heading alignwide\">Ce jeu est offert par nadinestanhome.fr<\/h2>\n\n\n\n<figure class=\"wp-block-image alignwide size-full\"><img loading=\"lazy\" decoding=\"async\" width=\"355\" height=\"421\" src=\"https:\/\/nadinestanhome.fr\/wp-content\/uploads\/2026\/03\/image-1.png\" alt=\"\" class=\"wp-image-559\" srcset=\"https:\/\/nadinestanhome.fr\/wp-content\/uploads\/2026\/03\/image-1.png 355w, https:\/\/nadinestanhome.fr\/wp-content\/uploads\/2026\/03\/image-1-253x300.png 253w\" sizes=\"auto, (max-width: 355px) 100vw, 355px\" \/><\/figure>\n\n\n\n<div style=\"height:27px\" aria-hidden=\"true\" class=\"wp-block-spacer\"><\/div>\n\n\n\n<p>Retrouvez les mots m\u00e9l\u00e9s de la grille avec les d\u00e9finitions suivantes :<\/p>\n\n\n\n<p><\/p>\n\n\n\n<ol class=\"wp-block-list\">\n<li><strong>Aliment sucr\u00e9 \u00e0 base de cacao.<\/strong><\/li>\n\n\n\n<li><strong>Produit utilis\u00e9 pour d\u00e9graisser les surfaces.<\/strong><\/li>\n\n\n\n<li><strong>Absorbe les mauvaises odeurs. Parfume jusqu&rsquo;\u00e0 16 semaines.<\/strong><\/li>\n\n\n\n<li><strong>Marque connue pour ses produits m\u00e9nagers.<\/strong><\/li>\n\n\n\n<li><strong>Produit anti-insectes.<\/strong><\/li>\n\n\n\n<li><strong>Domaine Vinicole certifi\u00e9 Bio, sans engrais chimique et ni pesticide.<\/strong><\/li>\n\n\n\n<li><strong>Gel utilis\u00e9 pour laver la vaisselle.<\/strong><\/li>\n\n\n\n<li><strong>Produit pour nettoyer les toilettes.<\/strong><\/li>\n\n\n\n<li><strong>Nettoie les inserts, fours et planchas.<\/strong><\/li>\n\n\n\n<li><strong>Offre d\u00e9couverte pour une conseill\u00e8re en page 45.<\/strong><\/li>\n\n\n\n<li><strong>Elle nourrit, prot\u00e8ge et hydrate votre peau.<\/strong><\/li>\n\n\n\n<li><strong>Marque fran\u00e7aise de verre tremp\u00e9 au design intemporel<\/strong><\/li>\n\n\n\n<li><strong>Cette marque vous invite \u00e0 savourer des produits d\u2019\u00e9picerie exclusifs<\/strong><\/li>\n\n\n\n<li><strong>Nettoie pinceaux, murs, plastiques, carrelages, v\u00eatements de travail.<\/strong><\/li>\n\n\n\n<li><strong>Compl\u00e8te ses revenus, puis \u00e9volue vers un projet professionnel.<\/strong><\/li>\n<\/ol>\n\n\n\n<p><\/p>\n\n\n\n<p><strong>Nadine Stanhome vous souhaite de passer un agr\u00e9able moment.<\/strong><\/p>\n\n\n\n<div style=\"height:30px\" aria-hidden=\"true\" class=\"wp-block-spacer\"><\/div>\n\n\n\n<div class=\"wp-block-media-text alignfull is-stacked-on-mobile is-vertically-aligned-center is-image-fill-element has-background\" style=\"border-width:12px;border-top-left-radius:17px;border-top-right-radius:17px;border-bottom-left-radius:17px;border-bottom-right-radius:17px;background-color:#dd917c;grid-template-columns:55% auto\"><figure class=\"wp-block-media-text__media\"><img loading=\"lazy\" decoding=\"async\" width=\"940\" height=\"788\" src=\"http:\/\/nadinestanhome.fr\/wp-content\/uploads\/2025\/12\/image-20.png\" alt=\"\" class=\"wp-image-442 size-full\" style=\"object-position:51% 89%\" srcset=\"https:\/\/nadinestanhome.fr\/wp-content\/uploads\/2025\/12\/image-20.png 940w, https:\/\/nadinestanhome.fr\/wp-content\/uploads\/2025\/12\/image-20-300x251.png 300w, https:\/\/nadinestanhome.fr\/wp-content\/uploads\/2025\/12\/image-20-768x644.png 768w\" sizes=\"auto, (max-width: 940px) 100vw, 940px\" \/><\/figure><div class=\"wp-block-media-text__content\">\n<p>Nadine Daug\u00e9<\/p>\n\n\n\n<p>T 06 03 89 67 07<\/p>\n\n\n\n<p>vdi.n2d@gmail.com <\/p>\n\n\n\n<p class=\"has-text-color has-link-color wp-elements-9ff55b3ecaeab1cbf745479c224e0ddc\" style=\"color:#ca0d32\"><a href=\"https:\/\/www.stanhome.fr\/pages\/eshop\/nadine-dauge\"><strong>Vers ma boutique en ligne<\/strong><\/a><\/p>\n<\/div><\/div>\n\n\n\n<p class=\"has-contrast-color has-accent-3-background-color has-text-color has-background has-link-color has-medium-font-size wp-elements-a965a5b7faaf58a3d3ff6951fbde5333\">Pour rire, jouer et de retrouver <strong>lors de nos ateliers \u00e0 domicile.<\/strong><\/p>\n\n\n\n<p>Les animations Stanhome sans obligation d&rsquo;achats permettent de :<\/p>\n\n\n\n<ul class=\"wp-block-list\">\n<li>D\u00e9couvrir nos 6 gammes de produits d&rsquo;entretien, Hygi\u00e8ne, beaut\u00e9, maquillage, Epicerie fine et produits de terroirs \u00e0 domicile,<\/li>\n\n\n\n<li>Recevoir ses voisins et amies durant un moment d\u00e9licieux,<\/li>\n\n\n\n<li>S&rsquo;amuser avec les jeux Mon Paradis qui cr\u00e9ent des liens d&rsquo;amiti\u00e9s,<\/li>\n\n\n\n<li>Soutenir des entreprises install\u00e9es sur nos territoires en r\u00e9gion.<\/li>\n<\/ul>\n\n\n\n<div style=\"height:27px\" aria-hidden=\"true\" class=\"wp-block-spacer\"><\/div>\n\n\n\n<p>Le monde vous semblera plus beau apr\u00e8s un atelier nadinestanhome.fr.<\/p>\n\n\n\n<p class=\"has-text-color has-link-color wp-elements-34e40b40ff346a4e9dc3db73eba1434b\" style=\"color:#346ea8\"><strong>Prendre contact pour en savoir plus, <a href=\"https:\/\/nadinestanhome.fr\/index.php\/demande_un_rdv\/\" data-type=\"page\" data-id=\"177\">cliquez ici<\/a><\/strong><\/p>\n\n\n\n<p><\/p>\n","protected":false},"excerpt":{"rendered":"<p>Ce jeu est offert par nadinestanhome.fr Retrouvez les mots m\u00e9l\u00e9s de la grille avec les d\u00e9finitions suivantes : Nadine Stanhome vous souhaite de passer un agr\u00e9able moment. Nadine Daug\u00e9 T 06 03 89 67 07 vdi.n2d@gmail.com Vers ma boutique en ligne Pour rire, jouer et de retrouver lors de nos ateliers \u00e0 domicile. Les animations [&hellip;]<\/p>\n","protected":false},"author":1,"featured_media":0,"parent":0,"menu_order":0,"comment_status":"closed","ping_status":"closed","template":"","meta":{"footnotes":""},"class_list":["post-542","page","type-page","status-publish","hentry"],"_links":{"self":[{"href":"https:\/\/nadinestanhome.fr\/index.php\/wp-json\/wp\/v2\/pages\/542","targetHints":{"allow":["GET"]}}],"collection":[{"href":"https:\/\/nadinestanhome.fr\/index.php\/wp-json\/wp\/v2\/pages"}],"about":[{"href":"https:\/\/nadinestanhome.fr\/index.php\/wp-json\/wp\/v2\/types\/page"}],"author":[{"embeddable":true,"href":"https:\/\/nadinestanhome.fr\/index.php\/wp-json\/wp\/v2\/users\/1"}],"replies":[{"embeddable":true,"href":"https:\/\/nadinestanhome.fr\/index.php\/wp-json\/wp\/v2\/comments?post=542"}],"version-history":[{"count":27,"href":"https:\/\/nadinestanhome.fr\/index.php\/wp-json\/wp\/v2\/pages\/542\/revisions"}],"predecessor-version":[{"id":577,"href":"https:\/\/nadinestanhome.fr\/index.php\/wp-json\/wp\/v2\/pages\/542\/revisions\/577"}],"wp:attachment":[{"href":"https:\/\/nadinestanhome.fr\/index.php\/wp-json\/wp\/v2\/media?parent=542"}],"curies":[{"name":"wp","href":"https:\/\/api.w.org\/{rel}","templated":true}]}}