{"id":436,"date":"2026-01-20T20:50:05","date_gmt":"2026-01-20T20:50:05","guid":{"rendered":"https:\/\/nadinestanhome.fr\/?page_id=436"},"modified":"2026-01-20T21:07:30","modified_gmt":"2026-01-20T21:07:30","slug":"epicerie-fine","status":"publish","type":"page","link":"https:\/\/nadinestanhome.fr\/index.php\/nadine-stanhome\/epicerie-fine\/","title":{"rendered":"Epicerie Fine"},"content":{"rendered":"\n<div class=\"wp-block-group has-global-padding is-layout-constrained wp-block-group-is-layout-constrained\">\n<h3 class=\"wp-block-heading has-text-color has-link-color wp-elements-819a41c56a8017fbfdc013fa78c923b9\" style=\"color:#5b7b95\"><strong>3. <strong><strong>Faire d\u00e9guster des produits plaisirs gourmands et artisanaux<\/strong><\/strong><\/strong><\/h3>\n\n\n\n<p><strong>Pourquoi ?<\/strong> Le bien-\u00eatre passe aussi par les <strong>petits bonheurs du palais<\/strong>. D\u00e9couvrez une s\u00e9lection de produits d\u2019\u00e9picerie fine, choisis pour leur qualit\u00e9 et leur authenticit\u00e9.<\/p>\n\n\n\n<p><strong>Comment ?<\/strong><\/p>\n\n\n\n<p>\u2705 <strong>Chocolats d\u2019exception<\/strong> : S\u00e9lection de grands artisans chocolatiers, pour des moments de douceur (id\u00e9al pour offrir ou se faire plaisir).<\/p>\n\n\n\n<p>\u2705 <strong>Produits gourmands<\/strong> : Confitures et autres d\u00e9lices <strong>fabriqu\u00e9s avec passion<\/strong> par des artisans locaux ou reconnus.<\/p>\n\n\n\n<p>\u2705 <strong>Id\u00e9es cadeaux<\/strong> : Coffrets gourmands pour marquer les occasions sp\u00e9ciales (No\u00ebl, St Valentin, anniversaires, remerciements).<\/p>\n<\/div>\n","protected":false},"excerpt":{"rendered":"<p>3. Faire d\u00e9guster des produits plaisirs gourmands et artisanaux Pourquoi ? Le bien-\u00eatre passe aussi par les petits bonheurs du palais. D\u00e9couvrez une s\u00e9lection de produits d\u2019\u00e9picerie fine, choisis pour leur qualit\u00e9 et leur authenticit\u00e9. Comment ? \u2705 Chocolats d\u2019exception : S\u00e9lection de grands artisans chocolatiers, pour des moments de douceur (id\u00e9al pour offrir ou [&hellip;]<\/p>\n","protected":false},"author":1,"featured_media":0,"parent":332,"menu_order":0,"comment_status":"closed","ping_status":"closed","template":"","meta":{"footnotes":""},"class_list":["post-436","page","type-page","status-publish","hentry"],"_links":{"self":[{"href":"https:\/\/nadinestanhome.fr\/index.php\/wp-json\/wp\/v2\/pages\/436","targetHints":{"allow":["GET"]}}],"collection":[{"href":"https:\/\/nadinestanhome.fr\/index.php\/wp-json\/wp\/v2\/pages"}],"about":[{"href":"https:\/\/nadinestanhome.fr\/index.php\/wp-json\/wp\/v2\/types\/page"}],"author":[{"embeddable":true,"href":"https:\/\/nadinestanhome.fr\/index.php\/wp-json\/wp\/v2\/users\/1"}],"replies":[{"embeddable":true,"href":"https:\/\/nadinestanhome.fr\/index.php\/wp-json\/wp\/v2\/comments?post=436"}],"version-history":[{"count":1,"href":"https:\/\/nadinestanhome.fr\/index.php\/wp-json\/wp\/v2\/pages\/436\/revisions"}],"predecessor-version":[{"id":437,"href":"https:\/\/nadinestanhome.fr\/index.php\/wp-json\/wp\/v2\/pages\/436\/revisions\/437"}],"up":[{"embeddable":true,"href":"https:\/\/nadinestanhome.fr\/index.php\/wp-json\/wp\/v2\/pages\/332"}],"wp:attachment":[{"href":"https:\/\/nadinestanhome.fr\/index.php\/wp-json\/wp\/v2\/media?parent=436"}],"curies":[{"name":"wp","href":"https:\/\/api.w.org\/{rel}","templated":true}]}}