{"id":433,"date":"2026-01-20T20:47:25","date_gmt":"2026-01-20T20:47:25","guid":{"rendered":"https:\/\/nadinestanhome.fr\/?page_id=433"},"modified":"2026-01-20T20:49:39","modified_gmt":"2026-01-20T20:49:39","slug":"beaute-maquillage-hygiene","status":"publish","type":"page","link":"https:\/\/nadinestanhome.fr\/index.php\/nadine-stanhome\/beaute-maquillage-hygiene\/","title":{"rendered":"Beaut\u00e9, Maquillage, hygi\u00e8ne"},"content":{"rendered":"\n<div class=\"wp-block-group has-global-padding is-layout-constrained wp-block-group-is-layout-constrained\">\n<h3 class=\"wp-block-heading has-text-color has-link-color wp-elements-090ea22f76a8bfdb8e69175affe93f1f\" style=\"color:#5b7b95\"><strong>2. <strong><strong><strong>Conseiller des produits <strong>de beaut\u00e9 et maquillage<\/strong> sp\u00e9cialement pens\u00e9s pour <strong>toute la <\/strong>famille.<\/strong><\/strong><\/strong><\/strong><\/h3>\n\n\n\n<p><strong>Pourquoi ?<\/strong> Prendre soin de son corps, c\u2019est cultiver son bien-\u00eatre au quotidien. Je vous guide vers des <strong>soins doux, adapt\u00e9s et respectueux<\/strong>, pour chaque membre de la famille et \u00e0 chaque \u00e9tape de la vie.<\/p>\n\n\n\n<p><strong>Comment ?<\/strong><\/p>\n\n\n\n<p>\u2705 <strong>Pour les ados<\/strong> : Routines pour les peaux jeunes (imperfections, exc\u00e8s de s\u00e9bum) avec des produits <strong>non agressifs<\/strong> et \u00e9quilibrants.<\/p>\n\n\n\n<p>\u2705 <strong>Pour les adultes<\/strong> : Soins hydratants, anti-\u00e2ge et maquillage <strong>naturel<\/strong> pour sublimer le visage et le corps.<\/p>\n\n\n\n<p>\u2705 <strong>Pour les seniors<\/strong> : Produits nourrissants et r\u00e9parateurs pour les peaux matures (s\u00e9cheresse, perte de fermet\u00e9).<\/p>\n\n\n\n<p>\u2705 <strong>Pour tous<\/strong> : Gammes <strong>hypoallerg\u00e9niques<\/strong>, Vegan et test\u00e9es dermatologiquement, pour un soin en toute s\u00e9r\u00e9nit\u00e9.<\/p>\n\n\n\n<p><\/p>\n<\/div>\n","protected":false},"excerpt":{"rendered":"<p>2. Conseiller des produits de beaut\u00e9 et maquillage sp\u00e9cialement pens\u00e9s pour toute la famille. Pourquoi ? Prendre soin de son corps, c\u2019est cultiver son bien-\u00eatre au quotidien. Je vous guide vers des soins doux, adapt\u00e9s et respectueux, pour chaque membre de la famille et \u00e0 chaque \u00e9tape de la vie. Comment ? \u2705 Pour les [&hellip;]<\/p>\n","protected":false},"author":1,"featured_media":0,"parent":332,"menu_order":0,"comment_status":"closed","ping_status":"closed","template":"","meta":{"footnotes":""},"class_list":["post-433","page","type-page","status-publish","hentry"],"_links":{"self":[{"href":"https:\/\/nadinestanhome.fr\/index.php\/wp-json\/wp\/v2\/pages\/433","targetHints":{"allow":["GET"]}}],"collection":[{"href":"https:\/\/nadinestanhome.fr\/index.php\/wp-json\/wp\/v2\/pages"}],"about":[{"href":"https:\/\/nadinestanhome.fr\/index.php\/wp-json\/wp\/v2\/types\/page"}],"author":[{"embeddable":true,"href":"https:\/\/nadinestanhome.fr\/index.php\/wp-json\/wp\/v2\/users\/1"}],"replies":[{"embeddable":true,"href":"https:\/\/nadinestanhome.fr\/index.php\/wp-json\/wp\/v2\/comments?post=433"}],"version-history":[{"count":1,"href":"https:\/\/nadinestanhome.fr\/index.php\/wp-json\/wp\/v2\/pages\/433\/revisions"}],"predecessor-version":[{"id":434,"href":"https:\/\/nadinestanhome.fr\/index.php\/wp-json\/wp\/v2\/pages\/433\/revisions\/434"}],"up":[{"embeddable":true,"href":"https:\/\/nadinestanhome.fr\/index.php\/wp-json\/wp\/v2\/pages\/332"}],"wp:attachment":[{"href":"https:\/\/nadinestanhome.fr\/index.php\/wp-json\/wp\/v2\/media?parent=433"}],"curies":[{"name":"wp","href":"https:\/\/api.w.org\/{rel}","templated":true}]}}