{"id":419,"date":"2026-01-20T20:42:54","date_gmt":"2026-01-20T20:42:54","guid":{"rendered":"https:\/\/nadinestanhome.fr\/?page_id=419"},"modified":"2026-03-21T18:56:19","modified_gmt":"2026-03-21T18:56:19","slug":"bien-etre-de-la-maison","status":"publish","type":"page","link":"https:\/\/nadinestanhome.fr\/index.php\/nadine-stanhome\/bien-etre-de-la-maison\/","title":{"rendered":"Bien-\u00eatre de la Maison"},"content":{"rendered":"\n<div class=\"wp-block-group alignwide has-global-padding is-layout-constrained wp-block-group-is-layout-constrained\">\n<div class=\"wp-block-group alignwide has-global-padding is-layout-constrained wp-block-group-is-layout-constrained\">\n<h2 class=\"wp-block-heading alignwide has-background\" style=\"background-color:#6e79aa\"><strong>Des conseils pratiques pour vous<\/strong><\/h2>\n\n\n\n<h3 class=\"wp-block-heading has-text-color has-link-color wp-elements-6cf2f5cd4b599b328593d542765ccaff\" style=\"color:#5b7b95\"><strong>1. <strong><strong>Prendre soin du bien-\u00eatre de votre maison en vous proposant des produits labellis\u00e9s, naturels et efficaces.<\/strong><\/strong><\/strong><\/h3>\n\n\n\n<p><strong>Pourquoi ?<\/strong> Votre foyer est au c\u0153ur de votre \u00e9quilibre. Stanhome vous aide \u00e0 cr\u00e9er un <strong>environnement propre, s\u00e9curis\u00e9 et apaisant<\/strong>, o\u00f9 chaque d\u00e9tail contribue \u00e0 votre bien-\u00eatre.<\/p>\n\n\n\n<p><strong>Comment ?<\/strong> <strong>En vous proposant des solutions adapt\u00e9es \u00e0 vos besoins et \u00e0 votre budget :<\/strong><\/p>\n\n\n\n<p>\u2705 <strong>Des produits d\u2019entretien naturels<\/strong> : Efficaces, \u00e9coresponsables et <strong>sans substances nocives<\/strong> pour pr\u00e9server la sant\u00e9 de votre famille. <em>Exemples : Nettoyants multi-surfaces, d\u00e9sinfectants naturels, d\u00e9tartrants doux.<\/em><\/p>\n\n\n\n<p>\u2705 <strong>Une ambiance parfum\u00e9e et apaisante<\/strong> : <strong>Optez pour le naturel ou le parfum\u00e9<\/strong> avec nos <strong>huiles essentielles<\/strong>, <strong>absorbeurs d\u2019odeurs<\/strong> et <strong>produits d\u2019ambiance<\/strong> (bougies, diffuseurs, sprays). <strong>Transformez chaque pi\u00e8ce de votre maison en un espace chaleureux et apaisant<\/strong>, o\u00f9 il fait bon vivre.<\/p>\n\n\n\n<p>\u2705 <strong>Des astuces d\u2019organisation pratiques<\/strong> : Pour un int\u00e9rieur <strong>rang\u00e9, fonctionnel et accueillant<\/strong>, sans d\u00e9penser plus. <em>Conseils gratuits \u00e0 domicile.<\/em><\/p>\n\n\n\n<p class=\"has-text-color has-link-color wp-elements-76b6d5b2bc7fe9b9dbc3dfc594268ac8\" style=\"color:#0b365a\">\u2705 <strong><a href=\"https:\/\/stanmag.stanhome.fr\/sites\/fr_fr\/files\/160991-panorama-2025-c14-planches_compressed.pdf\">Stanhome des solutions pour tous les budgets<\/a><\/strong> :<\/p>\n\n\n\n<ul class=\"wp-block-list\">\n<li><strong>Des produits accessibles<\/strong> pour une maison saine au quotidien.<\/li>\n\n\n\n<li><strong>Des options premium<\/strong> pour ceux qui recherchent l\u2019excellence.<\/li>\n\n\n\n<li><strong>Des conseils personnalis\u00e9s<\/strong> pour optimiser vos achats.<\/li>\n<\/ul>\n<\/div>\n\n\n\n<div style=\"height:39px\" aria-hidden=\"true\" class=\"wp-block-spacer\"><\/div>\n\n\n\n<h2 class=\"wp-block-heading\">Les incontournables de la maison <\/h2>\n<\/div>\n\n\n\n<div class=\"wp-block-group alignwide is-layout-grid wp-container-core-group-is-layout-4eddc86c wp-block-group-is-layout-grid\" style=\"border-style:none;border-width:0px;border-top-left-radius:0px;border-top-right-radius:0px;border-bottom-left-radius:0px;border-bottom-right-radius:0px;margin-top:0;margin-bottom:0;padding-top:var(--wp--preset--spacing--10);padding-right:0;padding-bottom:var(--wp--preset--spacing--10);padding-left:0\">\n<figure class=\"wp-block-image size-full\"><a href=\"https:\/\/www.stanhome.fr\/products\/degreaser-ecolabel-1000-ml\"><img loading=\"lazy\" decoding=\"async\" width=\"347\" height=\"335\" src=\"https:\/\/nadinestanhome.fr\/wp-content\/uploads\/2026\/01\/image-6.png\" alt=\"\" class=\"wp-image-514\" srcset=\"https:\/\/nadinestanhome.fr\/wp-content\/uploads\/2026\/01\/image-6.png 347w, https:\/\/nadinestanhome.fr\/wp-content\/uploads\/2026\/01\/image-6-300x290.png 300w\" sizes=\"auto, (max-width: 347px) 100vw, 347px\" \/><\/a><figcaption class=\"wp-element-caption\">D\u00e9graissant surpuissant<\/figcaption><\/figure>\n\n\n\n<figure class=\"wp-block-image size-full\"><a href=\"https:\/\/www.stanhome.fr\/products\/anti-calc-recharge-500-mlc\"><img loading=\"lazy\" decoding=\"async\" width=\"341\" height=\"333\" src=\"https:\/\/nadinestanhome.fr\/wp-content\/uploads\/2026\/01\/image-7.png\" alt=\"\" class=\"wp-image-515\" srcset=\"https:\/\/nadinestanhome.fr\/wp-content\/uploads\/2026\/01\/image-7.png 341w, https:\/\/nadinestanhome.fr\/wp-content\/uploads\/2026\/01\/image-7-300x293.png 300w\" sizes=\"auto, (max-width: 341px) 100vw, 341px\" \/><\/a><figcaption class=\"wp-element-caption\">Anti calcaire efficace<\/figcaption><\/figure>\n\n\n\n<figure class=\"wp-block-image size-full\"><a href=\"https:\/\/www.stanhome.fr\/products\/oven-400-ml\"><img loading=\"lazy\" decoding=\"async\" width=\"338\" height=\"346\" src=\"https:\/\/nadinestanhome.fr\/wp-content\/uploads\/2026\/01\/image-8.png\" alt=\"\" class=\"wp-image-516\" srcset=\"https:\/\/nadinestanhome.fr\/wp-content\/uploads\/2026\/01\/image-8.png 338w, https:\/\/nadinestanhome.fr\/wp-content\/uploads\/2026\/01\/image-8-293x300.png 293w\" sizes=\"auto, (max-width: 338px) 100vw, 338px\" \/><\/a><figcaption class=\"wp-element-caption\">Four, Grille, Gril, etc &#8230;<\/figcaption><\/figure>\n\n\n\n<figure class=\"wp-block-image size-full\"><a href=\"https:\/\/www.stanhome.fr\/products\/pre-wash-ecolabel-recharge-500-ml\"><img loading=\"lazy\" decoding=\"async\" width=\"343\" height=\"345\" src=\"https:\/\/nadinestanhome.fr\/wp-content\/uploads\/2026\/01\/image-9.png\" alt=\"\" class=\"wp-image-517\" srcset=\"https:\/\/nadinestanhome.fr\/wp-content\/uploads\/2026\/01\/image-9.png 343w, https:\/\/nadinestanhome.fr\/wp-content\/uploads\/2026\/01\/image-9-298x300.png 298w, https:\/\/nadinestanhome.fr\/wp-content\/uploads\/2026\/01\/image-9-150x150.png 150w\" sizes=\"auto, (max-width: 343px) 100vw, 343px\" \/><\/a><figcaption class=\"wp-element-caption\">Super D\u00e9tachant<\/figcaption><\/figure>\n\n\n\n<figure class=\"wp-block-image size-full\"><a href=\"https:\/\/www.stanhome.fr\/products\/daily-wash-fleurs-doranger-et-muguet\"><img loading=\"lazy\" decoding=\"async\" width=\"339\" height=\"344\" src=\"https:\/\/nadinestanhome.fr\/wp-content\/uploads\/2026\/01\/image-10.png\" alt=\"\" class=\"wp-image-518\" srcset=\"https:\/\/nadinestanhome.fr\/wp-content\/uploads\/2026\/01\/image-10.png 339w, https:\/\/nadinestanhome.fr\/wp-content\/uploads\/2026\/01\/image-10-296x300.png 296w\" sizes=\"auto, (max-width: 339px) 100vw, 339px\" \/><\/a><figcaption class=\"wp-element-caption\">Lessive 42 lavages<\/figcaption><\/figure>\n\n\n\n<figure class=\"wp-block-image size-full\"><a href=\"https:\/\/www.stanhome.fr\/products\/stanwick-green-flower-250ml\"><img loading=\"lazy\" decoding=\"async\" width=\"340\" height=\"347\" src=\"https:\/\/nadinestanhome.fr\/wp-content\/uploads\/2026\/01\/image-11.png\" alt=\"\" class=\"wp-image-519\" srcset=\"https:\/\/nadinestanhome.fr\/wp-content\/uploads\/2026\/01\/image-11.png 340w, https:\/\/nadinestanhome.fr\/wp-content\/uploads\/2026\/01\/image-11-294x300.png 294w\" sizes=\"auto, (max-width: 340px) 100vw, 340px\" \/><\/a><figcaption class=\"wp-element-caption\">Stan Wick &#8211; 4 parfums<\/figcaption><\/figure>\n\n\n\n<figure class=\"wp-block-image size-full\"><a href=\"https:\/\/www.stanhome.fr\/products\/sani-floor-1000-ml\"><img loading=\"lazy\" decoding=\"async\" width=\"344\" height=\"340\" src=\"https:\/\/nadinestanhome.fr\/wp-content\/uploads\/2026\/01\/image-12.png\" alt=\"\" class=\"wp-image-520\" srcset=\"https:\/\/nadinestanhome.fr\/wp-content\/uploads\/2026\/01\/image-12.png 344w, https:\/\/nadinestanhome.fr\/wp-content\/uploads\/2026\/01\/image-12-300x297.png 300w\" sizes=\"auto, (max-width: 344px) 100vw, 344px\" \/><\/a><figcaption class=\"wp-element-caption\">D\u00e9capant pour les sols<\/figcaption><\/figure>\n\n\n\n<figure class=\"wp-block-image size-full\"><a href=\"https:\/\/www.stanhome.fr\/pages\/jeu-concours?srsltid=AfmBOoqxqd8Ib6ri5smKo5wtBa4dsEnSkpMCqXVcK2YQZaprHPJgQPan\"><img loading=\"lazy\" decoding=\"async\" width=\"940\" height=\"788\" src=\"https:\/\/nadinestanhome.fr\/wp-content\/uploads\/2025\/12\/image-29.png\" alt=\"\" class=\"wp-image-469\" srcset=\"https:\/\/nadinestanhome.fr\/wp-content\/uploads\/2025\/12\/image-29.png 940w, https:\/\/nadinestanhome.fr\/wp-content\/uploads\/2025\/12\/image-29-300x251.png 300w, https:\/\/nadinestanhome.fr\/wp-content\/uploads\/2025\/12\/image-29-768x644.png 768w\" sizes=\"auto, (max-width: 940px) 100vw, 940px\" \/><\/a><figcaption class=\"wp-element-caption\">A gagner un Robot multifonction ou 3 produits iconiques Stanhome<br>Inscrivez vous vite ! N\u00b0 conseill\u00e8re 201624<\/figcaption><\/figure>\n\n\n\n<figure class=\"wp-block-image size-full\"><a href=\"https:\/\/www.stanhome.fr\/products\/carpet-cleaner-500-ml-500\"><img loading=\"lazy\" decoding=\"async\" width=\"340\" height=\"339\" src=\"https:\/\/nadinestanhome.fr\/wp-content\/uploads\/2026\/01\/image-13.png\" alt=\"\" class=\"wp-image-521\" srcset=\"https:\/\/nadinestanhome.fr\/wp-content\/uploads\/2026\/01\/image-13.png 340w, https:\/\/nadinestanhome.fr\/wp-content\/uploads\/2026\/01\/image-13-300x300.png 300w, https:\/\/nadinestanhome.fr\/wp-content\/uploads\/2026\/01\/image-13-150x150.png 150w\" sizes=\"auto, (max-width: 340px) 100vw, 340px\" \/><\/a><figcaption class=\"wp-element-caption\">Sp\u00e9cial Tapis, Carpet, etc<\/figcaption><\/figure>\n<\/div>\n\n\n\n<div class=\"wp-block-buttons alignfull is-content-justification-center is-layout-flex wp-container-core-buttons-is-layout-a89b3969 wp-block-buttons-is-layout-flex\">\n<div class=\"wp-block-button\"><a class=\"wp-block-button__link has-accent-3-background-color has-background has-text-align-center wp-element-button\" href=\"https:\/\/nadinestanhome.fr\/\">Revenir \u00e0 l&rsquo;accueil<\/a><\/div>\n<\/div>\n\n\n\n<p><\/p>\n","protected":false},"excerpt":{"rendered":"<p>Des conseils pratiques pour vous 1. Prendre soin du bien-\u00eatre de votre maison en vous proposant des produits labellis\u00e9s, naturels et efficaces. Pourquoi ? Votre foyer est au c\u0153ur de votre \u00e9quilibre. Stanhome vous aide \u00e0 cr\u00e9er un environnement propre, s\u00e9curis\u00e9 et apaisant, o\u00f9 chaque d\u00e9tail contribue \u00e0 votre bien-\u00eatre. Comment ? En vous proposant [&hellip;]<\/p>\n","protected":false},"author":1,"featured_media":0,"parent":332,"menu_order":0,"comment_status":"closed","ping_status":"closed","template":"","meta":{"footnotes":""},"class_list":["post-419","page","type-page","status-publish","hentry"],"_links":{"self":[{"href":"https:\/\/nadinestanhome.fr\/index.php\/wp-json\/wp\/v2\/pages\/419","targetHints":{"allow":["GET"]}}],"collection":[{"href":"https:\/\/nadinestanhome.fr\/index.php\/wp-json\/wp\/v2\/pages"}],"about":[{"href":"https:\/\/nadinestanhome.fr\/index.php\/wp-json\/wp\/v2\/types\/page"}],"author":[{"embeddable":true,"href":"https:\/\/nadinestanhome.fr\/index.php\/wp-json\/wp\/v2\/users\/1"}],"replies":[{"embeddable":true,"href":"https:\/\/nadinestanhome.fr\/index.php\/wp-json\/wp\/v2\/comments?post=419"}],"version-history":[{"count":11,"href":"https:\/\/nadinestanhome.fr\/index.php\/wp-json\/wp\/v2\/pages\/419\/revisions"}],"predecessor-version":[{"id":584,"href":"https:\/\/nadinestanhome.fr\/index.php\/wp-json\/wp\/v2\/pages\/419\/revisions\/584"}],"up":[{"embeddable":true,"href":"https:\/\/nadinestanhome.fr\/index.php\/wp-json\/wp\/v2\/pages\/332"}],"wp:attachment":[{"href":"https:\/\/nadinestanhome.fr\/index.php\/wp-json\/wp\/v2\/media?parent=419"}],"curies":[{"name":"wp","href":"https:\/\/api.w.org\/{rel}","templated":true}]}}