{"id":332,"date":"2025-12-28T15:38:37","date_gmt":"2025-12-28T15:38:37","guid":{"rendered":"https:\/\/nadinestanhome.fr\/?page_id=332"},"modified":"2025-12-28T18:25:49","modified_gmt":"2025-12-28T18:25:49","slug":"nadine-stanhome","status":"publish","type":"page","link":"https:\/\/nadinestanhome.fr\/index.php\/nadine-stanhome\/","title":{"rendered":"Nadine Stanhome"},"content":{"rendered":"\n<div class=\"wp-block-group alignfull has-global-padding is-layout-constrained wp-container-core-group-is-layout-d89aad35 wp-block-group-is-layout-constrained\" style=\"margin-top:0;margin-bottom:0;padding-top:var(--wp--preset--spacing--50);padding-right:var(--wp--preset--spacing--50);padding-bottom:var(--wp--preset--spacing--50);padding-left:var(--wp--preset--spacing--50)\">\n<div class=\"wp-block-group has-global-padding is-layout-constrained wp-container-core-group-is-layout-19e250f3 wp-block-group-is-layout-constrained\" style=\"min-height:0px\">\n<div class=\"wp-block-group is-vertical is-content-justification-center is-layout-flex wp-container-core-group-is-layout-6329a8f3 wp-block-group-is-layout-flex\">\n<h1 class=\"wp-block-heading has-text-align-center is-style-default has-background\" style=\"background-color:#6e79aa\"><strong><strong>Pourquoi choisir Nadine Stanhome <\/strong><\/strong><\/h1>\n\n\n\n<p><\/p>\n\n\n\n<p class=\"has-text-align-left has-text-color has-link-color wp-elements-92c2fc4ab036510a291078318134ff13\" style=\"color:#5b7b95\"><strong>1. Conseille des solutions adapt\u00e9es \u00e0 vos besoins<\/strong><\/p>\n\n\n\n<p class=\"has-text-align-left\"><\/p>\n\n\n\n<p><strong>Accompagnement sur mesure<\/strong>&nbsp;: Via ce blog, Facebook, e-boutique ou en RDV individuel.<\/p>\n\n\n\n<p><strong>Pourquoi ?<\/strong>&nbsp;Parce que chaque famille, chaque personne et chaque maison est unique, je vous propose un&nbsp;<strong>accompagnement personnalis\u00e9<\/strong>.<\/p>\n\n\n\n<p><\/p>\n\n\n\n<p class=\"has-text-align-left\"><strong>Comment ?<\/strong><\/p>\n\n\n\n<p>\u2705&nbsp;<strong>Diagnostics gratuits<\/strong>&nbsp;: Pour identifier les produits cosm\u00e9tiques ou d\u2019entretien les plus adapt\u00e9s \u00e0 vos besoins.<\/p>\n\n\n\n<p>\u2705&nbsp;<strong>Ateliers et \u00e9v\u00e9nements<\/strong>&nbsp;: Pour apprendre \u00e0 utiliser les produits, d\u00e9couvrir des routines bien-\u00eatre ou d\u00e9guster des sp\u00e9cialit\u00e9s artisanales.<\/p>\n<\/div>\n<\/div>\n\n\n\n<div style=\"height:29px\" aria-hidden=\"true\" class=\"wp-block-spacer\"><\/div>\n\n\n\n<div class=\"wp-block-group alignwide has-global-padding is-layout-constrained wp-container-core-group-is-layout-19e250f3 wp-block-group-is-layout-constrained\">\n<div class=\"wp-block-group is-vertical is-content-justification-center is-layout-flex wp-container-core-group-is-layout-6329a8f3 wp-block-group-is-layout-flex\">\n<p class=\"has-text-color has-link-color wp-elements-5ea140ead8a78a28e5cf4269413d51f1\" style=\"color:#5b7b95\"><strong>2.&nbsp;Forme et propose une opportunit\u00e9 professionnelle<\/strong><\/p>\n\n\n\n<p>Ressources exclusives : Outils, conseils et \u00e9v\u00e9nements r\u00e9serv\u00e9s aux VDI.<\/p>\n\n\n\n<p><strong>Pourquoi ?<\/strong>&nbsp;Si vous souhaitez&nbsp;<strong>allier passion et revenus<\/strong>, devenir VDI Stanhome est une belle aventure humaine et entrepreneuriale.<\/p>\n\n\n\n<p><strong>Comment ?<\/strong><\/p>\n\n\n\n<p>\u2705&nbsp;D\u00e9couverte du m\u00e9tier : Flexibilit\u00e9, formations, et accompagnement au quotidien.<\/p>\n\n\n\n<p>\u2705&nbsp;T\u00e9moignages inspirants : Retours d\u2019exp\u00e9rience des membres du r\u00e9seau (250 membres et plus !).<\/p>\n\n\n\n<div style=\"height:30px\" aria-hidden=\"true\" class=\"wp-block-spacer wp-container-content-cf2db169\"><\/div>\n\n\n\n<p class=\"has-text-color has-link-color wp-elements-21ddedec30fddfb784b26fc23ee9e7f8\" style=\"color:#5b7b95\"><strong>3.&nbsp;<\/strong><strong>Cr\u00e9e des moments de partage et de convivialit\u00e9<\/strong><\/p>\n\n\n\n<p><strong>\u00c9v\u00e9nements th\u00e9matiques<\/strong>&nbsp;: En journ\u00e9e ou soir\u00e9es entre amis, ateliers parents-enfants, ou rencontres autour du bien-\u00eatre de la maison ou de la famille, Nadine Stanhome cr\u00e9e des Stan Ev\u00e9nements remplis de rires et de chansons\u2026.<\/p>\n\n\n\n<p><strong>Pourquoi ?<\/strong>&nbsp;Le bien-\u00eatre se vit \u00e0 travers les&nbsp;<strong>liens humains<\/strong>&nbsp;et les exp\u00e9riences partag\u00e9es.<\/p>\n\n\n\n<p><strong>Comment ?<\/strong><\/p>\n\n\n\n<p><\/p>\n\n\n\n<p>\u2705 <strong>Ateliers bien-\u00eatre<\/strong>&nbsp;: Soins du visage, maquillage, routines maison. <\/p>\n\n\n\n<p>\u2705 <strong>D\u00e9gustations gourmandes<\/strong>&nbsp;: D\u00e9couverte de chocolats et produits d\u2019\u00e9picerie fine.<\/p>\n\n\n\n<p>\u2705&nbsp;<strong>Test produits&nbsp;<\/strong>: Pr\u00e9sentation d\u2019un produit d\u2019entretien et teste sur une probl\u00e9matique r\u00e9elle \u00e0 votre domicile<\/p>\n\n\n\n<p><\/p>\n\n\n\n<h3 class=\"wp-block-heading has-background\" style=\"background-color:#5b7b95\"><strong>Rejoignez l\u2019aventure !<\/strong><\/h3>\n\n\n\n<p><strong>Que vous cherchiez :<\/strong><\/p>\n\n\n\n<ul class=\"wp-block-list\">\n<li><strong>Des produits cosm\u00e9tiques adapt\u00e9s<\/strong>&nbsp;\u00e0 votre peau ou \u00e0 celle de votre famille,<\/li>\n\n\n\n<li><strong>Des solutions pour une maison saine et accueillante<\/strong>,<\/li>\n\n\n\n<li><strong>Des id\u00e9es gourmandes<\/strong>&nbsp;pour vous faire plaisir ou offrir,<\/li>\n\n\n\n<li><strong>Une opportunit\u00e9 professionnelle<\/strong>&nbsp;flexible et \u00e9panouissante,<\/li>\n\n\n\n<li><strong>Des moments de partage<\/strong>&nbsp;autour du bien-\u00eatre\u2026<\/li>\n<\/ul>\n\n\n\n<p><\/p>\n\n\n\n<p class=\"has-background\" style=\"background-color:#5b7b95\"><strong>Ce blog est fait pour vous !<\/strong><\/p>\n\n\n\n<p class=\"has-text-align-left\">\ud83d\udcac&nbsp;<strong><a href=\"https:\/\/nadinestanhome.fr\/#\" target=\"_blank\" rel=\"noreferrer noopener\">Contactez-moi<\/a><\/strong>&nbsp;pour un conseil personnalis\u00e9 |<\/p>\n\n\n\n<p class=\"has-text-align-left\">\ud83d\udcc5 \u00a0<strong><a href=\"https:\/\/nadinestanhome.fr\/index.php\/demande_un_rdv\/\" data-type=\"link\" data-id=\"https:\/\/nadinestanhome.fr\/index.php\/demande_un_rdv\/\" target=\"_blank\" rel=\"noreferrer noopener\">Prendre un RDV<\/a><\/strong>\u00a0pour un diagnostic ou un atelier |<\/p>\n\n\n\n<p class=\"has-text-align-left\">\ud83d\uded2&nbsp;<strong><a href=\"https:\/\/www.stanhome.fr\/pages\/eshop\/nadine-dauge\" target=\"_blank\" rel=\"noreferrer noopener\">D\u00e9couvrir les produits<\/a><\/strong>&nbsp;cosm\u00e9tiques, d\u2019entretien ou gourmands<\/p>\n<\/div>\n\n\n\n<div style=\"height:var(--wp--preset--spacing--40)\" aria-hidden=\"true\" class=\"wp-block-spacer\"><\/div>\n\n\n\n<div class=\"wp-block-columns alignwide is-layout-flex wp-container-core-columns-is-layout-d1c656ed wp-block-columns-is-layout-flex\">\n<div class=\"wp-block-column is-vertically-aligned-center is-layout-flow wp-block-column-is-layout-flow\" style=\"flex-basis:40%\">\n<h3 class=\"wp-block-heading has-text-align-center is-style-asterisk has-text-color has-link-color wp-elements-bae730b62e62517000395910a5d59f41\" style=\"color:#5b7b95\"><strong><a href=\"https:\/\/nadinedauge.wordpress.com\/espace-abonne-e\/infos-tpe\/\">Devenir VDI<\/a><\/strong><\/h3>\n\n\n\n<ul style=\"line-height:1.75\" class=\"wp-block-list is-style-checkmark-list\">\n<li>Contrat Stanhome.<\/li>\n\n\n\n<li>Formation Marketing de R\u00e9seau.<\/li>\n\n\n\n<li>Travailler \u00e0 son rythme.<\/li>\n\n\n\n<li>T 06 03 89 67 07<\/li>\n<\/ul>\n<\/div>\n\n\n\n<div class=\"wp-block-column is-layout-flow wp-block-column-is-layout-flow\" style=\"flex-basis:50%\">\n<figure class=\"wp-block-image size-full is-style-rounded is-style-rounded--1\"><a href=\"https:\/\/nadinedauge.wordpress.com\/espace-abonne-e\/infos-tpe\/\"><img loading=\"lazy\" decoding=\"async\" width=\"940\" height=\"788\" src=\"http:\/\/nadinestanhome.fr\/wp-content\/uploads\/2025\/12\/Equipe-vdi.jpg\" alt=\"\" class=\"wp-image-274\" srcset=\"https:\/\/nadinestanhome.fr\/wp-content\/uploads\/2025\/12\/Equipe-vdi.jpg 940w, https:\/\/nadinestanhome.fr\/wp-content\/uploads\/2025\/12\/Equipe-vdi-300x251.jpg 300w, https:\/\/nadinestanhome.fr\/wp-content\/uploads\/2025\/12\/Equipe-vdi-768x644.jpg 768w\" sizes=\"auto, (max-width: 940px) 100vw, 940px\" \/><\/a><\/figure>\n<\/div>\n<\/div>\n\n\n\n<div style=\"height:var(--wp--preset--spacing--40)\" aria-hidden=\"true\" class=\"wp-block-spacer\"><\/div>\n\n\n\n<div class=\"wp-block-columns alignwide is-layout-flex wp-container-core-columns-is-layout-d1c656ed wp-block-columns-is-layout-flex\">\n<div class=\"wp-block-column is-layout-flow wp-block-column-is-layout-flow\" style=\"flex-basis:50%\">\n<figure class=\"wp-block-image size-full is-style-rounded is-style-rounded--2\"><a href=\"https:\/\/nadinestanhome.fr\/index.php\/category\/accueil\/\"><img loading=\"lazy\" decoding=\"async\" width=\"940\" height=\"788\" src=\"http:\/\/nadinestanhome.fr\/wp-content\/uploads\/2025\/12\/visiter-le-blog.jpg\" alt=\"Photo pour les visiteurs du blog afin de les guider vers leur espace\" class=\"wp-image-273\" srcset=\"https:\/\/nadinestanhome.fr\/wp-content\/uploads\/2025\/12\/visiter-le-blog.jpg 940w, https:\/\/nadinestanhome.fr\/wp-content\/uploads\/2025\/12\/visiter-le-blog-300x251.jpg 300w, https:\/\/nadinestanhome.fr\/wp-content\/uploads\/2025\/12\/visiter-le-blog-768x644.jpg 768w\" sizes=\"auto, (max-width: 940px) 100vw, 940px\" \/><\/a><\/figure>\n<\/div>\n\n\n\n<div class=\"wp-block-column is-vertically-aligned-center is-layout-flow wp-block-column-is-layout-flow\" style=\"flex-basis:40%\">\n<h3 class=\"wp-block-heading has-text-align-center is-style-asterisk has-text-color has-link-color wp-elements-aa412bfc33802a1601ea31295e3f9d94\" style=\"color:#5b7b95\"><strong><a href=\"https:\/\/nadinestanhome.fr\/index.php\/category\/accueil\/\">Devenir Client-e<\/a><\/strong><\/h3>\n\n\n\n<ul style=\"line-height:1.75\" class=\"wp-block-list is-style-checkmark-list\">\n<li>Des produits d&rsquo;entretien pour la maison.<\/li>\n\n\n\n<li>Des produits de beaut\u00e9 et maquillage.<\/li>\n\n\n\n<li>Des chocolats et douceurs artisanaux.<\/li>\n\n\n\n<li>T 06 03 89 67 07<\/li>\n<\/ul>\n<\/div>\n<\/div>\n<\/div>\n\n\n\n<p><\/p>\n<\/div>\n","protected":false},"excerpt":{"rendered":"<p>Pourquoi choisir Nadine Stanhome 1. Conseille des solutions adapt\u00e9es \u00e0 vos besoins Accompagnement sur mesure&nbsp;: Via ce blog, Facebook, e-boutique ou en RDV individuel. Pourquoi ?&nbsp;Parce que chaque famille, chaque personne et chaque maison est unique, je vous propose un&nbsp;accompagnement personnalis\u00e9. Comment ? \u2705&nbsp;Diagnostics gratuits&nbsp;: Pour identifier les produits cosm\u00e9tiques ou d\u2019entretien les plus adapt\u00e9s [&hellip;]<\/p>\n","protected":false},"author":1,"featured_media":0,"parent":0,"menu_order":0,"comment_status":"closed","ping_status":"closed","template":"","meta":{"footnotes":""},"class_list":["post-332","page","type-page","status-publish","hentry"],"_links":{"self":[{"href":"https:\/\/nadinestanhome.fr\/index.php\/wp-json\/wp\/v2\/pages\/332","targetHints":{"allow":["GET"]}}],"collection":[{"href":"https:\/\/nadinestanhome.fr\/index.php\/wp-json\/wp\/v2\/pages"}],"about":[{"href":"https:\/\/nadinestanhome.fr\/index.php\/wp-json\/wp\/v2\/types\/page"}],"author":[{"embeddable":true,"href":"https:\/\/nadinestanhome.fr\/index.php\/wp-json\/wp\/v2\/users\/1"}],"replies":[{"embeddable":true,"href":"https:\/\/nadinestanhome.fr\/index.php\/wp-json\/wp\/v2\/comments?post=332"}],"version-history":[{"count":12,"href":"https:\/\/nadinestanhome.fr\/index.php\/wp-json\/wp\/v2\/pages\/332\/revisions"}],"predecessor-version":[{"id":364,"href":"https:\/\/nadinestanhome.fr\/index.php\/wp-json\/wp\/v2\/pages\/332\/revisions\/364"}],"wp:attachment":[{"href":"https:\/\/nadinestanhome.fr\/index.php\/wp-json\/wp\/v2\/media?parent=332"}],"curies":[{"name":"wp","href":"https:\/\/api.w.org\/{rel}","templated":true}]}}