{"id":177,"date":"2025-12-09T21:24:39","date_gmt":"2025-12-09T21:24:39","guid":{"rendered":"https:\/\/nadinestanhome.fr\/?page_id=177"},"modified":"2026-01-20T21:08:45","modified_gmt":"2026-01-20T21:08:45","slug":"demande_un_rdv","status":"publish","type":"page","link":"https:\/\/nadinestanhome.fr\/index.php\/demande_un_rdv\/","title":{"rendered":"Fiche Contact"},"content":{"rendered":"\n<p>Vous pouvez demander un RDV T\u00e9l\u00e9phonique par l&rsquo;interm\u00e9diaire de cette fiche ou par SMS au 06 03 89 67 07<\/p>\n\n\n\n<div style=\"height:28px\" aria-hidden=\"true\" class=\"wp-block-spacer\"><\/div>\n\n\n\n<div class=\"wpcf7 no-js\" id=\"wpcf7-f178-o1\" lang=\"en-US\" dir=\"ltr\" data-wpcf7-id=\"178\">\n<div class=\"screen-reader-response\"><p role=\"status\" aria-live=\"polite\" aria-atomic=\"true\"><\/p> <ul><\/ul><\/div>\n<form action=\"\/index.php\/wp-json\/wp\/v2\/pages\/177#wpcf7-f178-o1\" method=\"post\" class=\"wpcf7-form init\" aria-label=\"Contact form\" novalidate=\"novalidate\" data-status=\"init\">\n<fieldset class=\"hidden-fields-container\"><input type=\"hidden\" name=\"_wpcf7\" value=\"178\" \/><input type=\"hidden\" name=\"_wpcf7_version\" value=\"6.1.4\" \/><input type=\"hidden\" name=\"_wpcf7_locale\" value=\"en_US\" \/><input type=\"hidden\" name=\"_wpcf7_unit_tag\" value=\"wpcf7-f178-o1\" \/><input type=\"hidden\" name=\"_wpcf7_container_post\" value=\"0\" \/><input type=\"hidden\" name=\"_wpcf7_posted_data_hash\" value=\"\" \/>\n<\/fieldset>\n<p><label> Your name<br \/>\n<span class=\"wpcf7-form-control-wrap\" data-name=\"your-name\"><input size=\"40\" maxlength=\"400\" class=\"wpcf7-form-control wpcf7-text wpcf7-validates-as-required\" autocomplete=\"name\" aria-required=\"true\" aria-invalid=\"false\" value=\"\" type=\"text\" name=\"your-name\" \/><\/span> <\/label>\n<\/p>\n<p><label> Your email<br \/>\n<span class=\"wpcf7-form-control-wrap\" data-name=\"your-email\"><input size=\"40\" maxlength=\"400\" class=\"wpcf7-form-control wpcf7-email wpcf7-validates-as-required wpcf7-text wpcf7-validates-as-email\" autocomplete=\"email\" aria-required=\"true\" aria-invalid=\"false\" value=\"\" type=\"email\" name=\"your-email\" \/><\/span> <\/label>\n<\/p>\n<p><label> Subject<br \/>\n<span class=\"wpcf7-form-control-wrap\" data-name=\"your-subject\"><input size=\"40\" maxlength=\"400\" class=\"wpcf7-form-control wpcf7-text wpcf7-validates-as-required\" aria-required=\"true\" aria-invalid=\"false\" value=\"\" type=\"text\" name=\"your-subject\" \/><\/span> <\/label>\n<\/p>\n<p><label> Your message (optional)<br \/>\n<span class=\"wpcf7-form-control-wrap\" data-name=\"your-message\"><textarea cols=\"40\" rows=\"10\" maxlength=\"2000\" class=\"wpcf7-form-control wpcf7-textarea\" aria-invalid=\"false\" name=\"your-message\"><\/textarea><\/span> <\/label>\n<\/p>\n<p><input class=\"wpcf7-form-control wpcf7-submit has-spinner\" type=\"submit\" value=\"Submit\" \/>\n<\/p><p style=\"display: none !important;\" class=\"akismet-fields-container\" data-prefix=\"_wpcf7_ak_\"><label>&#916;<textarea name=\"_wpcf7_ak_hp_textarea\" cols=\"45\" rows=\"8\" maxlength=\"100\"><\/textarea><\/label><input type=\"hidden\" id=\"ak_js_1\" name=\"_wpcf7_ak_js\" value=\"243\"\/><script>document.getElementById( \"ak_js_1\" ).setAttribute( \"value\", ( new Date() ).getTime() );<\/script><\/p><div class=\"wpcf7-response-output\" aria-hidden=\"true\"><\/div>\n<\/form>\n<\/div>\n\n\n\n\n<p><\/p>\n\n\n\n<div class=\"wp-block-group alignfull has-contrast-color has-base-2-background-color has-text-color has-background has-link-color wp-elements-bdb46b646cbb73bee37b0aa114d7f7a7 has-global-padding is-layout-constrained wp-container-core-group-is-layout-669513ed wp-block-group-is-layout-constrained\" style=\"margin-top:0;margin-bottom:0;padding-top:var(--wp--preset--spacing--50);padding-right:var(--wp--preset--spacing--50);padding-bottom:var(--wp--preset--spacing--50);padding-left:var(--wp--preset--spacing--50)\">\n<p><\/p>\n\n\n\n<h3 class=\"wp-block-heading alignwide has-background\" style=\"background-color:#6e79aa\">Liens : <strong><strong>Contact et R\u00e9seaux Sociaux Nadine Stanhome<\/strong><\/strong><\/h3>\n\n\n\n<p><\/p>\n\n\n\n<p>\ud83d\udcac <a href=\"https:\/\/www.facebook.com\/nadinedaugeconseillere\/\">facebook<\/a> : Nadine Stanhome Conseil Formation<\/p>\n\n\n\n<p>\ud83d\udcc5 <a href=\"https:\/\/www.youtube.com\/@NadineStanhome\">Youtube<\/a><\/p>\n\n\n\n<p>\ud83d\udcac WattSapp 06 03 89 67 07<\/p>\n\n\n\n<p>\ud83d\uded2 <a href=\"https:\/\/www.stanhome.fr\/pages\/eshop\/nadine-dauge\">E-boutique nadine stanhome n\u00b0201624<\/a><\/p>\n<\/div>\n","protected":false},"excerpt":{"rendered":"<p>Vous pouvez demander un RDV T\u00e9l\u00e9phonique par l&rsquo;interm\u00e9diaire de cette fiche ou par SMS au 06 03 89 67 07 Liens : Contact et R\u00e9seaux Sociaux Nadine Stanhome \ud83d\udcac facebook : Nadine Stanhome Conseil Formation \ud83d\udcc5 Youtube \ud83d\udcac WattSapp 06 03 89 67 07 \ud83d\uded2 E-boutique nadine stanhome n\u00b0201624<\/p>\n","protected":false},"author":1,"featured_media":0,"parent":0,"menu_order":0,"comment_status":"closed","ping_status":"closed","template":"","meta":{"footnotes":""},"class_list":["post-177","page","type-page","status-publish","hentry"],"_links":{"self":[{"href":"https:\/\/nadinestanhome.fr\/index.php\/wp-json\/wp\/v2\/pages\/177","targetHints":{"allow":["GET"]}}],"collection":[{"href":"https:\/\/nadinestanhome.fr\/index.php\/wp-json\/wp\/v2\/pages"}],"about":[{"href":"https:\/\/nadinestanhome.fr\/index.php\/wp-json\/wp\/v2\/types\/page"}],"author":[{"embeddable":true,"href":"https:\/\/nadinestanhome.fr\/index.php\/wp-json\/wp\/v2\/users\/1"}],"replies":[{"embeddable":true,"href":"https:\/\/nadinestanhome.fr\/index.php\/wp-json\/wp\/v2\/comments?post=177"}],"version-history":[{"count":4,"href":"https:\/\/nadinestanhome.fr\/index.php\/wp-json\/wp\/v2\/pages\/177\/revisions"}],"predecessor-version":[{"id":445,"href":"https:\/\/nadinestanhome.fr\/index.php\/wp-json\/wp\/v2\/pages\/177\/revisions\/445"}],"wp:attachment":[{"href":"https:\/\/nadinestanhome.fr\/index.php\/wp-json\/wp\/v2\/media?parent=177"}],"curies":[{"name":"wp","href":"https:\/\/api.w.org\/{rel}","templated":true}]}}